{"id":120,"date":"2024-01-23T22:54:46","date_gmt":"2024-01-23T22:54:46","guid":{"rendered":"https:\/\/kolomedee.fi\/?page_id=120"},"modified":"2025-05-18T09:57:27","modified_gmt":"2025-05-18T09:57:27","slug":"ota-yhteytta","status":"publish","type":"page","link":"https:\/\/kolomedee.fi\/index.php\/ota-yhteytta\/","title":{"rendered":"Ota yhteytt\u00e4"},"content":{"rendered":"\n<p style=\"line-height:1.81;font-size:20px\" class=\"has-custom-lineheight\">Jos sinulla on tarpeita 3D-tulostuksille, niin ota yhteytt\u00e4 <strong>joonas[at]kolomedee.fi<\/strong>. Ota yhteytt\u00e4 my\u00f6s jos sinulla on tarvetta jollekin tuotteelle\/esineelle, mutta ei ole itse mallia, voidaan katsoa jos me saataisiin tarvittava varaosa\/tuote sinulle sitten suunniteltua. Voit ottaa yhteytt\u00e4 my\u00f6s oheisella lomakkeella, tai tietenkin soittamalla alareunasta l\u00f6ytyv\u00e4\u00e4n puhelinnumeroon.<\/p>\n\n\n\n<div class=\"wp-block-contact-form-7-contact-form-selector\">\n<div class=\"wpcf7 no-js\" id=\"wpcf7-f118-o1\" lang=\"en-GB\" dir=\"ltr\" data-wpcf7-id=\"118\">\n<div class=\"screen-reader-response\"><p role=\"status\" aria-live=\"polite\" aria-atomic=\"true\"><\/p> <ul><\/ul><\/div>\n<form action=\"\/index.php\/wp-json\/wp\/v2\/pages\/120#wpcf7-f118-o1\" method=\"post\" class=\"wpcf7-form init\" aria-label=\"Contact form\" novalidate=\"novalidate\" data-status=\"init\">\n<fieldset class=\"hidden-fields-container\"><input type=\"hidden\" name=\"_wpcf7\" value=\"118\" \/><input type=\"hidden\" name=\"_wpcf7_version\" value=\"6.1.5\" \/><input type=\"hidden\" name=\"_wpcf7_locale\" value=\"en_GB\" \/><input type=\"hidden\" name=\"_wpcf7_unit_tag\" value=\"wpcf7-f118-o1\" \/><input type=\"hidden\" name=\"_wpcf7_container_post\" value=\"0\" \/><input type=\"hidden\" name=\"_wpcf7_posted_data_hash\" value=\"\" \/>\n<\/fieldset>\n<p><label> Nimesi<br \/>\n<span class=\"wpcf7-form-control-wrap\" data-name=\"your-name\"><input size=\"40\" maxlength=\"400\" class=\"wpcf7-form-control wpcf7-text wpcf7-validates-as-required\" autocomplete=\"name\" aria-required=\"true\" aria-invalid=\"false\" value=\"\" type=\"text\" name=\"your-name\" \/><\/span> <\/label>\n<\/p>\n<p><label> S\u00e4hk\u00f6postisi<br \/>\n<span class=\"wpcf7-form-control-wrap\" data-name=\"your-email\"><input size=\"40\" maxlength=\"400\" class=\"wpcf7-form-control wpcf7-email wpcf7-validates-as-required wpcf7-text wpcf7-validates-as-email\" autocomplete=\"email\" aria-required=\"true\" aria-invalid=\"false\" value=\"\" type=\"email\" name=\"your-email\" \/><\/span> <\/label>\n<\/p>\n<p><label> Viesti, tulostushuolesi<br \/>\n<span class=\"wpcf7-form-control-wrap\" data-name=\"your-message\"><textarea cols=\"40\" rows=\"10\" maxlength=\"2000\" class=\"wpcf7-form-control wpcf7-textarea\" aria-invalid=\"false\" name=\"your-message\"><\/textarea><\/span> <\/label>\n<\/p>\n<p><input class=\"wpcf7-form-control wpcf7-submit has-spinner\" type=\"submit\" value=\"L\u00e4het\u00e4\" \/>\n<\/p><div class=\"wpcf7-response-output\" aria-hidden=\"true\"><\/div>\n<\/form>\n<\/div>\n<\/div>\n","protected":false},"excerpt":{"rendered":"<p>Jos sinulla on tarpeita 3D-tulostuksille, niin ota yhteytt\u00e4 joonas[at]kolomedee.fi. Ota yhteytt\u00e4 my\u00f6s jos sinulla on tarvetta jollekin tuotteelle\/esineelle, mutta ei ole itse mallia, voidaan katsoa jos me saataisiin tarvittava varaosa\/tuote sinulle sitten suunniteltua. Voit ottaa yhteytt\u00e4 my\u00f6s oheisella lomakkeella, tai tietenkin soittamalla alareunasta l\u00f6ytyv\u00e4\u00e4n puhelinnumeroon.<\/p>\n","protected":false},"author":1,"featured_media":0,"parent":0,"menu_order":0,"comment_status":"closed","ping_status":"closed","template":"","meta":{"_coblocks_attr":"","_coblocks_dimensions":"","_coblocks_responsive_height":"","_coblocks_accordion_ie_support":"","inline_featured_image":false,"footnotes":""},"class_list":["post-120","page","type-page","status-publish","hentry","clearfix","post-index"],"yoast_head":"<!-- This site is optimized with the Yoast SEO plugin v27.2 - https:\/\/yoast.com\/product\/yoast-seo-wordpress\/ -->\n<title>Ota yhteytt\u00e4 - KolomeDee<\/title>\n<meta name=\"robots\" content=\"index, follow, max-snippet:-1, max-image-preview:large, max-video-preview:-1\" \/>\n<link rel=\"canonical\" href=\"https:\/\/kolomedee.fi\/index.php\/ota-yhteytta\/\" \/>\n<meta property=\"og:locale\" content=\"en_GB\" \/>\n<meta property=\"og:type\" content=\"article\" \/>\n<meta property=\"og:title\" content=\"Ota yhteytt\u00e4 - KolomeDee\" \/>\n<meta property=\"og:description\" content=\"Jos sinulla on tarpeita 3D-tulostuksille, niin ota yhteytt\u00e4 joonas[at]kolomedee.fi. Ota yhteytt\u00e4 my\u00f6s jos sinulla on tarvetta jollekin tuotteelle\/esineelle, mutta ei ole itse mallia, voidaan katsoa jos me saataisiin tarvittava varaosa\/tuote sinulle sitten suunniteltua. Voit ottaa yhteytt\u00e4 my\u00f6s oheisella lomakkeella, tai tietenkin soittamalla alareunasta l\u00f6ytyv\u00e4\u00e4n puhelinnumeroon.\" \/>\n<meta property=\"og:url\" content=\"https:\/\/kolomedee.fi\/index.php\/ota-yhteytta\/\" \/>\n<meta property=\"og:site_name\" content=\"KolomeDee\" \/>\n<meta property=\"article:modified_time\" content=\"2025-05-18T09:57:27+00:00\" \/>\n<meta name=\"twitter:card\" content=\"summary_large_image\" \/>\n<meta name=\"twitter:label1\" content=\"Estimated reading time\" \/>\n\t<meta name=\"twitter:data1\" content=\"1 minute\" \/>\n<script type=\"application\/ld+json\" class=\"yoast-schema-graph\">{\"@context\":\"https:\/\/schema.org\",\"@graph\":[{\"@type\":\"WebPage\",\"@id\":\"https:\/\/kolomedee.fi\/index.php\/ota-yhteytta\/\",\"url\":\"https:\/\/kolomedee.fi\/index.php\/ota-yhteytta\/\",\"name\":\"Ota yhteytt\u00e4 - KolomeDee\",\"isPartOf\":{\"@id\":\"https:\/\/kolomedee.fi\/#website\"},\"datePublished\":\"2024-01-23T22:54:46+00:00\",\"dateModified\":\"2025-05-18T09:57:27+00:00\",\"breadcrumb\":{\"@id\":\"https:\/\/kolomedee.fi\/index.php\/ota-yhteytta\/#breadcrumb\"},\"inLanguage\":\"en-GB\",\"potentialAction\":[{\"@type\":\"ReadAction\",\"target\":[\"https:\/\/kolomedee.fi\/index.php\/ota-yhteytta\/\"]}]},{\"@type\":\"BreadcrumbList\",\"@id\":\"https:\/\/kolomedee.fi\/index.php\/ota-yhteytta\/#breadcrumb\",\"itemListElement\":[{\"@type\":\"ListItem\",\"position\":1,\"name\":\"Home\",\"item\":\"https:\/\/kolomedee.fi\/\"},{\"@type\":\"ListItem\",\"position\":2,\"name\":\"Ota yhteytt\u00e4\"}]},{\"@type\":\"WebSite\",\"@id\":\"https:\/\/kolomedee.fi\/#website\",\"url\":\"https:\/\/kolomedee.fi\/\",\"name\":\"3D-tulostuspalvelua Satakunnassa - KolomeDee\",\"description\":\"3D-Tulosteita juuri sinun tarpeisiisi.\",\"publisher\":{\"@id\":\"https:\/\/kolomedee.fi\/#organization\"},\"potentialAction\":[{\"@type\":\"SearchAction\",\"target\":{\"@type\":\"EntryPoint\",\"urlTemplate\":\"https:\/\/kolomedee.fi\/?s={search_term_string}\"},\"query-input\":{\"@type\":\"PropertyValueSpecification\",\"valueRequired\":true,\"valueName\":\"search_term_string\"}}],\"inLanguage\":\"en-GB\"},{\"@type\":\"Organization\",\"@id\":\"https:\/\/kolomedee.fi\/#organization\",\"name\":\"KolomeDee\",\"url\":\"https:\/\/kolomedee.fi\/\",\"logo\":{\"@type\":\"ImageObject\",\"inLanguage\":\"en-GB\",\"@id\":\"https:\/\/kolomedee.fi\/#\/schema\/logo\/image\/\",\"url\":\"https:\/\/kolomedee.fi\/wp-content\/uploads\/2024\/01\/Kolomedeelogo1.svg\",\"contentUrl\":\"https:\/\/kolomedee.fi\/wp-content\/uploads\/2024\/01\/Kolomedeelogo1.svg\",\"width\":180,\"height\":46,\"caption\":\"KolomeDee\"},\"image\":{\"@id\":\"https:\/\/kolomedee.fi\/#\/schema\/logo\/image\/\"},\"sameAs\":[\"https:\/\/www.instagram.com\/kolomedee\/\"]}]}<\/script>\n<!-- \/ Yoast SEO plugin. -->","yoast_head_json":{"title":"Ota yhteytt\u00e4 - KolomeDee","robots":{"index":"index","follow":"follow","max-snippet":"max-snippet:-1","max-image-preview":"max-image-preview:large","max-video-preview":"max-video-preview:-1"},"canonical":"https:\/\/kolomedee.fi\/index.php\/ota-yhteytta\/","og_locale":"en_GB","og_type":"article","og_title":"Ota yhteytt\u00e4 - KolomeDee","og_description":"Jos sinulla on tarpeita 3D-tulostuksille, niin ota yhteytt\u00e4 joonas[at]kolomedee.fi. Ota yhteytt\u00e4 my\u00f6s jos sinulla on tarvetta jollekin tuotteelle\/esineelle, mutta ei ole itse mallia, voidaan katsoa jos me saataisiin tarvittava varaosa\/tuote sinulle sitten suunniteltua. Voit ottaa yhteytt\u00e4 my\u00f6s oheisella lomakkeella, tai tietenkin soittamalla alareunasta l\u00f6ytyv\u00e4\u00e4n puhelinnumeroon.","og_url":"https:\/\/kolomedee.fi\/index.php\/ota-yhteytta\/","og_site_name":"KolomeDee","article_modified_time":"2025-05-18T09:57:27+00:00","twitter_card":"summary_large_image","twitter_misc":{"Estimated reading time":"1 minute"},"schema":{"@context":"https:\/\/schema.org","@graph":[{"@type":"WebPage","@id":"https:\/\/kolomedee.fi\/index.php\/ota-yhteytta\/","url":"https:\/\/kolomedee.fi\/index.php\/ota-yhteytta\/","name":"Ota yhteytt\u00e4 - KolomeDee","isPartOf":{"@id":"https:\/\/kolomedee.fi\/#website"},"datePublished":"2024-01-23T22:54:46+00:00","dateModified":"2025-05-18T09:57:27+00:00","breadcrumb":{"@id":"https:\/\/kolomedee.fi\/index.php\/ota-yhteytta\/#breadcrumb"},"inLanguage":"en-GB","potentialAction":[{"@type":"ReadAction","target":["https:\/\/kolomedee.fi\/index.php\/ota-yhteytta\/"]}]},{"@type":"BreadcrumbList","@id":"https:\/\/kolomedee.fi\/index.php\/ota-yhteytta\/#breadcrumb","itemListElement":[{"@type":"ListItem","position":1,"name":"Home","item":"https:\/\/kolomedee.fi\/"},{"@type":"ListItem","position":2,"name":"Ota yhteytt\u00e4"}]},{"@type":"WebSite","@id":"https:\/\/kolomedee.fi\/#website","url":"https:\/\/kolomedee.fi\/","name":"3D-tulostuspalvelua Satakunnassa - KolomeDee","description":"3D-Tulosteita juuri sinun tarpeisiisi.","publisher":{"@id":"https:\/\/kolomedee.fi\/#organization"},"potentialAction":[{"@type":"SearchAction","target":{"@type":"EntryPoint","urlTemplate":"https:\/\/kolomedee.fi\/?s={search_term_string}"},"query-input":{"@type":"PropertyValueSpecification","valueRequired":true,"valueName":"search_term_string"}}],"inLanguage":"en-GB"},{"@type":"Organization","@id":"https:\/\/kolomedee.fi\/#organization","name":"KolomeDee","url":"https:\/\/kolomedee.fi\/","logo":{"@type":"ImageObject","inLanguage":"en-GB","@id":"https:\/\/kolomedee.fi\/#\/schema\/logo\/image\/","url":"https:\/\/kolomedee.fi\/wp-content\/uploads\/2024\/01\/Kolomedeelogo1.svg","contentUrl":"https:\/\/kolomedee.fi\/wp-content\/uploads\/2024\/01\/Kolomedeelogo1.svg","width":180,"height":46,"caption":"KolomeDee"},"image":{"@id":"https:\/\/kolomedee.fi\/#\/schema\/logo\/image\/"},"sameAs":["https:\/\/www.instagram.com\/kolomedee\/"]}]}},"jetpack_sharing_enabled":true,"_links":{"self":[{"href":"https:\/\/kolomedee.fi\/index.php\/wp-json\/wp\/v2\/pages\/120","targetHints":{"allow":["GET"]}}],"collection":[{"href":"https:\/\/kolomedee.fi\/index.php\/wp-json\/wp\/v2\/pages"}],"about":[{"href":"https:\/\/kolomedee.fi\/index.php\/wp-json\/wp\/v2\/types\/page"}],"author":[{"embeddable":true,"href":"https:\/\/kolomedee.fi\/index.php\/wp-json\/wp\/v2\/users\/1"}],"replies":[{"embeddable":true,"href":"https:\/\/kolomedee.fi\/index.php\/wp-json\/wp\/v2\/comments?post=120"}],"version-history":[{"count":3,"href":"https:\/\/kolomedee.fi\/index.php\/wp-json\/wp\/v2\/pages\/120\/revisions"}],"predecessor-version":[{"id":269,"href":"https:\/\/kolomedee.fi\/index.php\/wp-json\/wp\/v2\/pages\/120\/revisions\/269"}],"wp:attachment":[{"href":"https:\/\/kolomedee.fi\/index.php\/wp-json\/wp\/v2\/media?parent=120"}],"curies":[{"name":"wp","href":"https:\/\/api.w.org\/{rel}","templated":true}]}}