{"id":144,"date":"2024-01-23T23:24:12","date_gmt":"2024-01-23T23:24:12","guid":{"rendered":"https:\/\/kolomedee.fi\/?page_id=144"},"modified":"2026-02-16T20:31:51","modified_gmt":"2026-02-16T20:31:51","slug":"3d-tulostaminen","status":"publish","type":"page","link":"https:\/\/kolomedee.fi\/index.php\/3d-tulostaminen\/","title":{"rendered":"3D-Tulostaminen"},"content":{"rendered":"\n<p><\/p>\n\n\n\n<p>3D-tulostaminen lyhyesti &#8211; se on kappaleen valmistamista lis\u00e4\u00e4v\u00e4ll\u00e4 valmistusmenetelm\u00e4ll\u00e4. K\u00e4\u00e4nteist\u00e4 CNC:t\u00e4, voisi sanoa itseasiassa. Tulostaessa kappaleesta ei poisteta mit\u00e4\u00e4n, vaan tavaraa lis\u00e4t\u00e4\u00e4n, jotta voidaan muodostaa kappale.<\/p>\n","protected":false},"excerpt":{"rendered":"<p>3D-tulostaminen lyhyesti &#8211; se on kappaleen valmistamista lis\u00e4\u00e4v\u00e4ll\u00e4 valmistusmenetelm\u00e4ll\u00e4. K\u00e4\u00e4nteist\u00e4 CNC:t\u00e4, voisi sanoa itseasiassa. Tulostaessa kappaleesta ei poisteta mit\u00e4\u00e4n, vaan tavaraa lis\u00e4t\u00e4\u00e4n, jotta voidaan muodostaa kappale.<\/p>\n","protected":false},"author":1,"featured_media":0,"parent":0,"menu_order":0,"comment_status":"closed","ping_status":"closed","template":"","meta":{"_coblocks_attr":"","_coblocks_dimensions":"","_coblocks_responsive_height":"","_coblocks_accordion_ie_support":"","inline_featured_image":false,"footnotes":""},"class_list":["post-144","page","type-page","status-publish","hentry","clearfix","post-index"],"yoast_head":"<!-- This site is optimized with the Yoast SEO plugin v27.2 - https:\/\/yoast.com\/product\/yoast-seo-wordpress\/ -->\n<title>3D-Tulostaminen - KolomeDee<\/title>\n<meta name=\"robots\" content=\"index, follow, max-snippet:-1, max-image-preview:large, max-video-preview:-1\" \/>\n<link rel=\"canonical\" href=\"https:\/\/kolomedee.fi\/index.php\/3d-tulostaminen\/\" \/>\n<meta property=\"og:locale\" content=\"en_GB\" \/>\n<meta property=\"og:type\" content=\"article\" \/>\n<meta property=\"og:title\" content=\"3D-Tulostaminen - KolomeDee\" \/>\n<meta property=\"og:description\" content=\"3D-tulostaminen lyhyesti &#8211; se on kappaleen valmistamista lis\u00e4\u00e4v\u00e4ll\u00e4 valmistusmenetelm\u00e4ll\u00e4. K\u00e4\u00e4nteist\u00e4 CNC:t\u00e4, voisi sanoa itseasiassa. Tulostaessa kappaleesta ei poisteta mit\u00e4\u00e4n, vaan tavaraa lis\u00e4t\u00e4\u00e4n, jotta voidaan muodostaa kappale.\" \/>\n<meta property=\"og:url\" content=\"https:\/\/kolomedee.fi\/index.php\/3d-tulostaminen\/\" \/>\n<meta property=\"og:site_name\" content=\"KolomeDee\" \/>\n<meta property=\"article:modified_time\" content=\"2026-02-16T20:31:51+00:00\" \/>\n<meta name=\"twitter:card\" content=\"summary_large_image\" \/>\n<meta name=\"twitter:label1\" content=\"Estimated reading time\" \/>\n\t<meta name=\"twitter:data1\" content=\"1 minute\" \/>\n<script type=\"application\/ld+json\" class=\"yoast-schema-graph\">{\"@context\":\"https:\/\/schema.org\",\"@graph\":[{\"@type\":\"WebPage\",\"@id\":\"https:\/\/kolomedee.fi\/index.php\/3d-tulostaminen\/\",\"url\":\"https:\/\/kolomedee.fi\/index.php\/3d-tulostaminen\/\",\"name\":\"3D-Tulostaminen - KolomeDee\",\"isPartOf\":{\"@id\":\"https:\/\/kolomedee.fi\/#website\"},\"datePublished\":\"2024-01-23T23:24:12+00:00\",\"dateModified\":\"2026-02-16T20:31:51+00:00\",\"breadcrumb\":{\"@id\":\"https:\/\/kolomedee.fi\/index.php\/3d-tulostaminen\/#breadcrumb\"},\"inLanguage\":\"en-GB\",\"potentialAction\":[{\"@type\":\"ReadAction\",\"target\":[\"https:\/\/kolomedee.fi\/index.php\/3d-tulostaminen\/\"]}]},{\"@type\":\"BreadcrumbList\",\"@id\":\"https:\/\/kolomedee.fi\/index.php\/3d-tulostaminen\/#breadcrumb\",\"itemListElement\":[{\"@type\":\"ListItem\",\"position\":1,\"name\":\"Home\",\"item\":\"https:\/\/kolomedee.fi\/\"},{\"@type\":\"ListItem\",\"position\":2,\"name\":\"3D-Tulostaminen\"}]},{\"@type\":\"WebSite\",\"@id\":\"https:\/\/kolomedee.fi\/#website\",\"url\":\"https:\/\/kolomedee.fi\/\",\"name\":\"3D-tulostuspalvelua Satakunnassa - KolomeDee\",\"description\":\"3D-Tulosteita juuri sinun tarpeisiisi.\",\"publisher\":{\"@id\":\"https:\/\/kolomedee.fi\/#organization\"},\"potentialAction\":[{\"@type\":\"SearchAction\",\"target\":{\"@type\":\"EntryPoint\",\"urlTemplate\":\"https:\/\/kolomedee.fi\/?s={search_term_string}\"},\"query-input\":{\"@type\":\"PropertyValueSpecification\",\"valueRequired\":true,\"valueName\":\"search_term_string\"}}],\"inLanguage\":\"en-GB\"},{\"@type\":\"Organization\",\"@id\":\"https:\/\/kolomedee.fi\/#organization\",\"name\":\"KolomeDee\",\"url\":\"https:\/\/kolomedee.fi\/\",\"logo\":{\"@type\":\"ImageObject\",\"inLanguage\":\"en-GB\",\"@id\":\"https:\/\/kolomedee.fi\/#\/schema\/logo\/image\/\",\"url\":\"https:\/\/kolomedee.fi\/wp-content\/uploads\/2024\/01\/Kolomedeelogo1.svg\",\"contentUrl\":\"https:\/\/kolomedee.fi\/wp-content\/uploads\/2024\/01\/Kolomedeelogo1.svg\",\"width\":180,\"height\":46,\"caption\":\"KolomeDee\"},\"image\":{\"@id\":\"https:\/\/kolomedee.fi\/#\/schema\/logo\/image\/\"},\"sameAs\":[\"https:\/\/www.instagram.com\/kolomedee\/\"]}]}<\/script>\n<!-- \/ Yoast SEO plugin. -->","yoast_head_json":{"title":"3D-Tulostaminen - KolomeDee","robots":{"index":"index","follow":"follow","max-snippet":"max-snippet:-1","max-image-preview":"max-image-preview:large","max-video-preview":"max-video-preview:-1"},"canonical":"https:\/\/kolomedee.fi\/index.php\/3d-tulostaminen\/","og_locale":"en_GB","og_type":"article","og_title":"3D-Tulostaminen - KolomeDee","og_description":"3D-tulostaminen lyhyesti &#8211; se on kappaleen valmistamista lis\u00e4\u00e4v\u00e4ll\u00e4 valmistusmenetelm\u00e4ll\u00e4. K\u00e4\u00e4nteist\u00e4 CNC:t\u00e4, voisi sanoa itseasiassa. Tulostaessa kappaleesta ei poisteta mit\u00e4\u00e4n, vaan tavaraa lis\u00e4t\u00e4\u00e4n, jotta voidaan muodostaa kappale.","og_url":"https:\/\/kolomedee.fi\/index.php\/3d-tulostaminen\/","og_site_name":"KolomeDee","article_modified_time":"2026-02-16T20:31:51+00:00","twitter_card":"summary_large_image","twitter_misc":{"Estimated reading time":"1 minute"},"schema":{"@context":"https:\/\/schema.org","@graph":[{"@type":"WebPage","@id":"https:\/\/kolomedee.fi\/index.php\/3d-tulostaminen\/","url":"https:\/\/kolomedee.fi\/index.php\/3d-tulostaminen\/","name":"3D-Tulostaminen - KolomeDee","isPartOf":{"@id":"https:\/\/kolomedee.fi\/#website"},"datePublished":"2024-01-23T23:24:12+00:00","dateModified":"2026-02-16T20:31:51+00:00","breadcrumb":{"@id":"https:\/\/kolomedee.fi\/index.php\/3d-tulostaminen\/#breadcrumb"},"inLanguage":"en-GB","potentialAction":[{"@type":"ReadAction","target":["https:\/\/kolomedee.fi\/index.php\/3d-tulostaminen\/"]}]},{"@type":"BreadcrumbList","@id":"https:\/\/kolomedee.fi\/index.php\/3d-tulostaminen\/#breadcrumb","itemListElement":[{"@type":"ListItem","position":1,"name":"Home","item":"https:\/\/kolomedee.fi\/"},{"@type":"ListItem","position":2,"name":"3D-Tulostaminen"}]},{"@type":"WebSite","@id":"https:\/\/kolomedee.fi\/#website","url":"https:\/\/kolomedee.fi\/","name":"3D-tulostuspalvelua Satakunnassa - KolomeDee","description":"3D-Tulosteita juuri sinun tarpeisiisi.","publisher":{"@id":"https:\/\/kolomedee.fi\/#organization"},"potentialAction":[{"@type":"SearchAction","target":{"@type":"EntryPoint","urlTemplate":"https:\/\/kolomedee.fi\/?s={search_term_string}"},"query-input":{"@type":"PropertyValueSpecification","valueRequired":true,"valueName":"search_term_string"}}],"inLanguage":"en-GB"},{"@type":"Organization","@id":"https:\/\/kolomedee.fi\/#organization","name":"KolomeDee","url":"https:\/\/kolomedee.fi\/","logo":{"@type":"ImageObject","inLanguage":"en-GB","@id":"https:\/\/kolomedee.fi\/#\/schema\/logo\/image\/","url":"https:\/\/kolomedee.fi\/wp-content\/uploads\/2024\/01\/Kolomedeelogo1.svg","contentUrl":"https:\/\/kolomedee.fi\/wp-content\/uploads\/2024\/01\/Kolomedeelogo1.svg","width":180,"height":46,"caption":"KolomeDee"},"image":{"@id":"https:\/\/kolomedee.fi\/#\/schema\/logo\/image\/"},"sameAs":["https:\/\/www.instagram.com\/kolomedee\/"]}]}},"jetpack_sharing_enabled":true,"_links":{"self":[{"href":"https:\/\/kolomedee.fi\/index.php\/wp-json\/wp\/v2\/pages\/144","targetHints":{"allow":["GET"]}}],"collection":[{"href":"https:\/\/kolomedee.fi\/index.php\/wp-json\/wp\/v2\/pages"}],"about":[{"href":"https:\/\/kolomedee.fi\/index.php\/wp-json\/wp\/v2\/types\/page"}],"author":[{"embeddable":true,"href":"https:\/\/kolomedee.fi\/index.php\/wp-json\/wp\/v2\/users\/1"}],"replies":[{"embeddable":true,"href":"https:\/\/kolomedee.fi\/index.php\/wp-json\/wp\/v2\/comments?post=144"}],"version-history":[{"count":3,"href":"https:\/\/kolomedee.fi\/index.php\/wp-json\/wp\/v2\/pages\/144\/revisions"}],"predecessor-version":[{"id":285,"href":"https:\/\/kolomedee.fi\/index.php\/wp-json\/wp\/v2\/pages\/144\/revisions\/285"}],"wp:attachment":[{"href":"https:\/\/kolomedee.fi\/index.php\/wp-json\/wp\/v2\/media?parent=144"}],"curies":[{"name":"wp","href":"https:\/\/api.w.org\/{rel}","templated":true}]}}